{"id":8647,"date":"2021-03-15T10:58:01","date_gmt":"2021-03-15T07:58:01","guid":{"rendered":"https:\/\/kizilayakademi.org.tr\/is-birliklerimiz\/"},"modified":"2025-10-27T23:12:24","modified_gmt":"2025-10-27T20:12:24","slug":"our-partners","status":"publish","type":"page","link":"https:\/\/kizilayakademi.org.tr\/en\/our-partners\/","title":{"rendered":"Our Partners"},"content":{"rendered":"\n <div class=\"container-fluid px-3 px-md-0\">\n        <!-- \u0130lk Sat\u0131r - Responsive Grid -->\n        <div class=\"row g-2 g-md-3 mb-3 mb-md-4\">\n            <div class=\"col-6 col-md-4 col-lg-2\">\n                <div class=\"d-flex align-items-center justify-content-center border rounded p-2 p-md-3 h-100\">\n                    <a href=\"https:\/\/aybu.edu.tr\/\" target=\"_blank\" rel=\"noopener noreferrer\">\n                        <img fetchpriority=\"high\" decoding=\"async\" width=\"300\" height=\"300\" src=\"https:\/\/kizilayakademi.org.tr\/wp-content\/uploads\/2021\/11\/AYBU_logo.png\" class=\"img-fluid\" alt=\"AYBU Logo\" srcset=\"https:\/\/kizilayakademi.org.tr\/wp-content\/uploads\/2021\/11\/AYBU_logo.png 300w, https:\/\/kizilayakademi.org.tr\/wp-content\/uploads\/2021\/11\/AYBU_logo-150x150.png 150w, https:\/\/kizilayakademi.org.tr\/wp-content\/uploads\/2021\/11\/AYBU_logo-100x100.png 100w\" sizes=\"(max-width: 300px) 100vw, 300px\">\n                    <\/a>\n                <\/div>\n            <\/div>\n            <div class=\"col-6 col-md-4 col-lg-2\">\n                <div class=\"d-flex align-items-center justify-content-center border rounded p-2 p-md-3 h-100\">\n                    <a href=\"https:\/\/www.antalya.edu.tr\/\" target=\"_blank\" rel=\"noopener noreferrer\">\n                        <img loading=\"lazy\" decoding=\"async\" width=\"512\" height=\"318\" src=\"https:\/\/kizilayakademi.org.tr\/wp-content\/uploads\/2024\/05\/Antalya_Bilim_universitesi_logo.png\" class=\"img-fluid\" alt=\"Antalya Bilim \u00dcniversitesi Logo\" srcset=\"https:\/\/kizilayakademi.org.tr\/wp-content\/uploads\/2024\/05\/Antalya_Bilim_universitesi_logo.png 512w, https:\/\/kizilayakademi.org.tr\/wp-content\/uploads\/2024\/05\/Antalya_Bilim_universitesi_logo-300x186.png 300w\" sizes=\"auto, (max-width: 512px) 100vw, 512px\">\n                    <\/a>\n                <\/div>\n            <\/div>\n            <div class=\"col-6 col-md-4 col-lg-2\">\n                <div class=\"d-flex align-items-center justify-content-center border rounded p-2 p-md-3 h-100\">\n                    <a href=\"https:\/\/boun.edu.tr\" target=\"_blank\" rel=\"noopener noreferrer\">\n                        <img loading=\"lazy\" decoding=\"async\" width=\"1024\" height=\"1001\" src=\"https:\/\/kizilayakademi.org.tr\/wp-content\/uploads\/2021\/06\/Bogazici_Universitesi_Logo-1024x1001.png\" class=\"img-fluid\" alt=\"Bo\u011fazi\u00e7i \u00dcniversitesi Logo\" srcset=\"https:\/\/kizilayakademi.org.tr\/wp-content\/uploads\/2021\/06\/Bogazici_Universitesi_Logo-1024x1001.png 1024w, https:\/\/kizilayakademi.org.tr\/wp-content\/uploads\/2021\/06\/Bogazici_Universitesi_Logo-300x293.png 300w, https:\/\/kizilayakademi.org.tr\/wp-content\/uploads\/2021\/06\/Bogazici_Universitesi_Logo-768x751.png 768w, https:\/\/kizilayakademi.org.tr\/wp-content\/uploads\/2021\/06\/Bogazici_Universitesi_Logo.png 1200w\" sizes=\"auto, (max-width: 1024px) 100vw, 1024px\">\n                    <\/a>\n                <\/div>\n            <\/div>\n            <div class=\"col-6 col-md-4 col-lg-2\">\n                <div class=\"d-flex align-items-center justify-content-center border rounded p-2 p-md-3 h-100\">\n                    <a href=\"https:\/\/cerkes.org.tr\/\" target=\"_blank\" rel=\"noopener noreferrer\">\n                        <img loading=\"lazy\" decoding=\"async\" width=\"720\" height=\"720\" src=\"https:\/\/kizilayakademi.org.tr\/wp-content\/uploads\/2022\/10\/cerkes-dernegi-logo.jpg\" class=\"img-fluid\" alt=\"\u00c7erkes Derne\u011fi Logo\" srcset=\"https:\/\/kizilayakademi.org.tr\/wp-content\/uploads\/2022\/10\/cerkes-dernegi-logo.jpg 720w, https:\/\/kizilayakademi.org.tr\/wp-content\/uploads\/2022\/10\/cerkes-dernegi-logo-300x300.jpg 300w, https:\/\/kizilayakademi.org.tr\/wp-content\/uploads\/2022\/10\/cerkes-dernegi-logo-150x150.jpg 150w, https:\/\/kizilayakademi.org.tr\/wp-content\/uploads\/2022\/10\/cerkes-dernegi-logo-100x100.jpg 100w\" sizes=\"auto, (max-width: 720px) 100vw, 720px\">\n                    <\/a>\n                <\/div>\n            <\/div>\n            <div class=\"col-6 col-md-4 col-lg-2\">\n                <div class=\"d-flex align-items-center justify-content-center border rounded p-2 p-md-3 h-100\">\n                    <a href=\"https:\/\/www.deakin.edu.au\/\" target=\"_blank\" rel=\"noopener noreferrer\">\n                        <img loading=\"lazy\" decoding=\"async\" width=\"600\" height=\"599\" src=\"https:\/\/kizilayakademi.org.tr\/wp-content\/uploads\/2024\/05\/Deakin_University_Logo_2017.png\" class=\"img-fluid\" alt=\"Deakin University Logo\" srcset=\"https:\/\/kizilayakademi.org.tr\/wp-content\/uploads\/2024\/05\/Deakin_University_Logo_2017.png 600w, https:\/\/kizilayakademi.org.tr\/wp-content\/uploads\/2024\/05\/Deakin_University_Logo_2017-300x300.png 300w, https:\/\/kizilayakademi.org.tr\/wp-content\/uploads\/2024\/05\/Deakin_University_Logo_2017-150x150.png 150w\" sizes=\"auto, (max-width: 600px) 100vw, 600px\">\n                    <\/a>\n                <\/div>\n            <\/div>\n            <div class=\"col-6 col-md-4 col-lg-2\">\n                <div class=\"d-flex align-items-center justify-content-center border rounded p-2 p-md-3 h-100\">\n                    <a href=\"https:\/\/www.diyanet.gov.tr\/\" target=\"_blank\" rel=\"noopener noreferrer\">\n                        <img loading=\"lazy\" decoding=\"async\" width=\"480\" height=\"480\" src=\"https:\/\/kizilayakademi.org.tr\/wp-content\/uploads\/2024\/05\/diyanet_yeni_logo.png\" class=\"img-fluid\" alt=\"Diyanet \u0130\u015fleri Ba\u015fkanl\u0131\u011f\u0131 Logo\" srcset=\"https:\/\/kizilayakademi.org.tr\/wp-content\/uploads\/2024\/05\/diyanet_yeni_logo.png 480w, https:\/\/kizilayakademi.org.tr\/wp-content\/uploads\/2024\/05\/diyanet_yeni_logo-300x300.png 300w, https:\/\/kizilayakademi.org.tr\/wp-content\/uploads\/2024\/05\/diyanet_yeni_logo-150x150.png 150w\" sizes=\"auto, (max-width: 480px) 100vw, 480px\">\n                    <\/a>\n                <\/div>\n            <\/div>\n        <\/div>\n        <!-- \u0130kinci Sat\u0131r - Responsive Grid -->\n        <div class=\"row g-2 g-md-3 mb-3 mb-md-4\">\n            <div class=\"col-6 col-md-4 col-lg-2\">\n                <div class=\"d-flex align-items-center justify-content-center border rounded p-2 p-md-3 h-100\">\n                    <a href=\"https:\/\/gazi.edu.tr\" target=\"_blank\" rel=\"noopener noreferrer\">\n                        <img loading=\"lazy\" decoding=\"async\" width=\"300\" height=\"300\" src=\"https:\/\/kizilayakademi.org.tr\/wp-content\/uploads\/2021\/11\/gazi-universitesi-logo.png\" class=\"img-fluid\" alt=\"Gazi \u00dcniversitesi Logo\" srcset=\"https:\/\/kizilayakademi.org.tr\/wp-content\/uploads\/2021\/11\/gazi-universitesi-logo.png 300w, https:\/\/kizilayakademi.org.tr\/wp-content\/uploads\/2021\/11\/gazi-universitesi-logo-150x150.png 150w, https:\/\/kizilayakademi.org.tr\/wp-content\/uploads\/2021\/11\/gazi-universitesi-logo-100x100.png 100w\" sizes=\"auto, (max-width: 300px) 100vw, 300px\">\n                    <\/a>\n                <\/div>\n            <\/div>\n            <div class=\"col-6 col-md-4 col-lg-2\">\n                <div class=\"d-flex align-items-center justify-content-center border rounded p-2 p-md-3 h-100\">\n                    <a href=\"https:\/\/www.gantep.edu.tr\/\" target=\"_blank\" rel=\"noopener noreferrer\">\n                        <img loading=\"lazy\" decoding=\"async\" width=\"512\" height=\"512\" src=\"https:\/\/kizilayakademi.org.tr\/wp-content\/uploads\/2024\/05\/Gaziantep_University_logo.png\" class=\"img-fluid\" alt=\"Gaziantep \u00dcniversitesi Logo\" srcset=\"https:\/\/kizilayakademi.org.tr\/wp-content\/uploads\/2024\/05\/Gaziantep_University_logo.png 512w, https:\/\/kizilayakademi.org.tr\/wp-content\/uploads\/2024\/05\/Gaziantep_University_logo-300x300.png 300w, https:\/\/kizilayakademi.org.tr\/wp-content\/uploads\/2024\/05\/Gaziantep_University_logo-150x150.png 150w\" sizes=\"auto, (max-width: 512px) 100vw, 512px\">\n                    <\/a>\n                <\/div>\n            <\/div>\n            <div class=\"col-6 col-md-4 col-lg-2\">\n                <div class=\"d-flex align-items-center justify-content-center border rounded p-2 p-md-3 h-100\">\n                    <a href=\"https:\/\/hacettepe.edu.tr\" target=\"_blank\" rel=\"noopener noreferrer\">\n                        <img loading=\"lazy\" decoding=\"async\" width=\"330\" height=\"330\" src=\"https:\/\/kizilayakademi.org.tr\/wp-content\/uploads\/2021\/06\/hacettepe_universitesi_logo.png\" class=\"img-fluid\" alt=\"Hacettepe \u00dcniversitesi Logo\" srcset=\"https:\/\/kizilayakademi.org.tr\/wp-content\/uploads\/2021\/06\/hacettepe_universitesi_logo.png 330w, https:\/\/kizilayakademi.org.tr\/wp-content\/uploads\/2021\/06\/hacettepe_universitesi_logo-300x300.png 300w, https:\/\/kizilayakademi.org.tr\/wp-content\/uploads\/2021\/06\/hacettepe_universitesi_logo-150x150.png 150w, https:\/\/kizilayakademi.org.tr\/wp-content\/uploads\/2021\/06\/hacettepe_universitesi_logo-100x100.png 100w\" sizes=\"auto, (max-width: 330px) 100vw, 330px\">\n                    <\/a>\n                <\/div>\n            <\/div>\n            <div class=\"col-6 col-md-4 col-lg-2\">\n                <div class=\"d-flex align-items-center justify-content-center border rounded p-2 p-md-3 h-100\">\n                    <a href=\"https:\/\/hakis.org.tr\/\" target=\"_blank\" rel=\"noopener noreferrer\">\n                        <img loading=\"lazy\" decoding=\"async\" width=\"200\" height=\"200\" src=\"https:\/\/kizilayakademi.org.tr\/wp-content\/uploads\/2024\/05\/hak-is-logo.gif\" class=\"img-fluid\" alt=\"HAK-\u0130\u015e Logo\">\n                    <\/a>\n                <\/div>\n            <\/div>\n            <div class=\"col-6 col-md-4 col-lg-2\">\n                <div class=\"d-flex align-items-center justify-content-center border rounded p-2 p-md-3 h-100\">\n                    <a href=\"https:\/\/hayratvakfi.org\/\" target=\"_blank\" rel=\"noopener noreferrer\">\n                        <img loading=\"lazy\" decoding=\"async\" width=\"1024\" height=\"994\" src=\"https:\/\/kizilayakademi.org.tr\/wp-content\/uploads\/2022\/02\/Hayrat-Vakfi-Logo-1024x994.png\" class=\"img-fluid\" alt=\"Hayrat Vakf\u0131 Logo\" srcset=\"https:\/\/kizilayakademi.org.tr\/wp-content\/uploads\/2022\/02\/Hayrat-Vakfi-Logo-1024x994.png 1024w, https:\/\/kizilayakademi.org.tr\/wp-content\/uploads\/2022\/02\/Hayrat-Vakfi-Logo-300x291.png 300w, https:\/\/kizilayakademi.org.tr\/wp-content\/uploads\/2022\/02\/Hayrat-Vakfi-Logo-768x745.png 768w, https:\/\/kizilayakademi.org.tr\/wp-content\/uploads\/2022\/02\/Hayrat-Vakfi-Logo.png 1181w\" sizes=\"auto, (max-width: 1024px) 100vw, 1024px\">\n                    <\/a>\n                <\/div>\n            <\/div>\n            <div class=\"col-6 col-md-4 col-lg-2\">\n                <div class=\"d-flex align-items-center justify-content-center border rounded p-2 p-md-3 h-100\">\n                    <a href=\"https:\/\/ihu.edu.tr\" target=\"_blank\" rel=\"noopener noreferrer\">\n                        <img loading=\"lazy\" decoding=\"async\" width=\"887\" height=\"1024\" src=\"https:\/\/kizilayakademi.org.tr\/wp-content\/uploads\/2021\/06\/ibn-haldun-logo-887x1024.png\" class=\"img-fluid\" alt=\"\u0130bn Haldun \u00dcniversitesi Logo\" srcset=\"https:\/\/kizilayakademi.org.tr\/wp-content\/uploads\/2021\/06\/ibn-haldun-logo-887x1024.png 887w, https:\/\/kizilayakademi.org.tr\/wp-content\/uploads\/2021\/06\/ibn-haldun-logo-260x300.png 260w, https:\/\/kizilayakademi.org.tr\/wp-content\/uploads\/2021\/06\/ibn-haldun-logo-768x887.png 768w, https:\/\/kizilayakademi.org.tr\/wp-content\/uploads\/2021\/06\/ibn-haldun-logo.png 935w\" sizes=\"auto, (max-width: 887px) 100vw, 887px\">\n                    <\/a>\n                <\/div>\n            <\/div>\n        <\/div>\n        <!-- \u00dc\u00e7\u00fcnc\u00fc Sat\u0131r - Responsive Grid -->\n        <div class=\"row g-2 g-md-3 mb-3 mb-md-4\">\n            <div class=\"col-6 col-md-4 col-lg-2\">\n                <div class=\"d-flex align-items-center justify-content-center border rounded p-2 p-md-3 h-100\">\n                    <a href=\"https:\/\/icil.org.tr\/\" target=\"_blank\" rel=\"noopener noreferrer\">\n                        <img loading=\"lazy\" decoding=\"async\" width=\"1024\" height=\"222\" src=\"https:\/\/kizilayakademi.org.tr\/wp-content\/uploads\/2024\/05\/ICIL-Yeni-Logo2-1024x222.png\" class=\"img-fluid\" alt=\"ICIL Logo\" srcset=\"https:\/\/kizilayakademi.org.tr\/wp-content\/uploads\/2024\/05\/ICIL-Yeni-Logo2-1024x222.png 1024w, https:\/\/kizilayakademi.org.tr\/wp-content\/uploads\/2024\/05\/ICIL-Yeni-Logo2-300x65.png 300w, https:\/\/kizilayakademi.org.tr\/wp-content\/uploads\/2024\/05\/ICIL-Yeni-Logo2-768x166.png 768w, https:\/\/kizilayakademi.org.tr\/wp-content\/uploads\/2024\/05\/ICIL-Yeni-Logo2-1536x333.png 1536w, https:\/\/kizilayakademi.org.tr\/wp-content\/uploads\/2024\/05\/ICIL-Yeni-Logo2.png 2000w\" sizes=\"auto, (max-width: 1024px) 100vw, 1024px\">\n                    <\/a>\n                <\/div>\n            <\/div>\n            <div class=\"col-6 col-md-4 col-lg-2\">\n                <div class=\"d-flex align-items-center justify-content-center border rounded p-2 p-md-3 h-100\">\n                    <a href=\"https:\/\/istanbul.edu.tr\" target=\"_blank\" rel=\"noopener noreferrer\">\n                        <img loading=\"lazy\" decoding=\"async\" width=\"150\" height=\"150\" src=\"https:\/\/kizilayakademi.org.tr\/wp-content\/uploads\/2021\/10\/iu-logo.png\" class=\"img-fluid\" alt=\"\u0130stanbul \u00dcniversitesi Logo\" srcset=\"https:\/\/kizilayakademi.org.tr\/wp-content\/uploads\/2021\/10\/iu-logo.png 150w, https:\/\/kizilayakademi.org.tr\/wp-content\/uploads\/2021\/10\/iu-logo-100x100.png 100w\" sizes=\"auto, (max-width: 150px) 100vw, 150px\">\n                    <\/a>\n                <\/div>\n            <\/div>\n            <div class=\"col-6 col-md-4 col-lg-2\">\n                <div class=\"d-flex align-items-center justify-content-center border rounded p-2 p-md-3 h-100\">\n                    <a href=\"https:\/\/www.mersin.edu.tr\/\" target=\"_blank\" rel=\"noopener noreferrer\">\n                        <img loading=\"lazy\" decoding=\"async\" width=\"512\" height=\"426\" src=\"https:\/\/kizilayakademi.org.tr\/wp-content\/uploads\/2024\/05\/Mersin_University_logo.png\" class=\"img-fluid\" alt=\"Mersin \u00dcniversitesi Logo\" srcset=\"https:\/\/kizilayakademi.org.tr\/wp-content\/uploads\/2024\/05\/Mersin_University_logo.png 512w, https:\/\/kizilayakademi.org.tr\/wp-content\/uploads\/2024\/05\/Mersin_University_logo-300x250.png 300w\" sizes=\"auto, (max-width: 512px) 100vw, 512px\">\n                    <\/a>\n                <\/div>\n            <\/div>\n            <div class=\"col-6 col-md-4 col-lg-2\">\n                <div class=\"d-flex align-items-center justify-content-center border rounded p-2 p-md-3 h-100\">\n                    <a href=\"https:\/\/ostimteknik.edu.tr\" target=\"_blank\" rel=\"noopener noreferrer\">\n                        <img loading=\"lazy\" decoding=\"async\" width=\"600\" height=\"600\" src=\"https:\/\/kizilayakademi.org.tr\/wp-content\/uploads\/2021\/06\/ostim-logo.png\" class=\"img-fluid\" alt=\"Ostim Teknik \u00dcniversitesi Logo\" srcset=\"https:\/\/kizilayakademi.org.tr\/wp-content\/uploads\/2021\/06\/ostim-logo.png 600w, https:\/\/kizilayakademi.org.tr\/wp-content\/uploads\/2021\/06\/ostim-logo-300x300.png 300w, https:\/\/kizilayakademi.org.tr\/wp-content\/uploads\/2021\/06\/ostim-logo-150x150.png 150w, https:\/\/kizilayakademi.org.tr\/wp-content\/uploads\/2021\/06\/ostim-logo-100x100.png 100w\" sizes=\"auto, (max-width: 600px) 100vw, 600px\">\n                    <\/a>\n                <\/div>\n            <\/div>\n            <div class=\"col-6 col-md-4 col-lg-2\">\n                <div class=\"d-flex align-items-center justify-content-center border rounded p-2 p-md-3 h-100\">\n                    <a href=\"https:\/\/sbu.edu.tr\" target=\"_blank\" rel=\"noopener noreferrer\">\n                        <img loading=\"lazy\" decoding=\"async\" width=\"802\" height=\"802\" src=\"https:\/\/kizilayakademi.org.tr\/wp-content\/uploads\/2021\/06\/sbulogo.png\" class=\"img-fluid\" alt=\"S\u00fcleyman Demirel \u00dcniversitesi Logo\" srcset=\"https:\/\/kizilayakademi.org.tr\/wp-content\/uploads\/2021\/06\/sbulogo.png 802w, https:\/\/kizilayakademi.org.tr\/wp-content\/uploads\/2021\/06\/sbulogo-300x300.png 300w, https:\/\/kizilayakademi.org.tr\/wp-content\/uploads\/2021\/06\/sbulogo-150x150.png 150w, https:\/\/kizilayakademi.org.tr\/wp-content\/uploads\/2021\/06\/sbulogo-768x768.png 768w, https:\/\/kizilayakademi.org.tr\/wp-content\/uploads\/2021\/06\/sbulogo-100x100.png 100w\" sizes=\"auto, (max-width: 802px) 100vw, 802px\">\n                    <\/a>\n                <\/div>\n            <\/div>\n            <div class=\"col-6 col-md-4 col-lg-2\">\n                <div class=\"d-flex align-items-center justify-content-center border rounded p-2 p-md-3 h-100\">\n                    <a href=\"http:\/\/www.nku.edu.tr\/\" target=\"_blank\" rel=\"noopener noreferrer\">\n                        <img loading=\"lazy\" decoding=\"async\" width=\"285\" height=\"284\" src=\"https:\/\/kizilayakademi.org.tr\/wp-content\/uploads\/2022\/04\/tekirdag-uni-logo.png\" class=\"img-fluid\" alt=\"Tekirda\u011f Nam\u0131k Kemal \u00dcniversitesi Logo\" srcset=\"https:\/\/kizilayakademi.org.tr\/wp-content\/uploads\/2022\/04\/tekirdag-uni-logo.png 285w, https:\/\/kizilayakademi.org.tr\/wp-content\/uploads\/2022\/04\/tekirdag-uni-logo-150x150.png 150w, https:\/\/kizilayakademi.org.tr\/wp-content\/uploads\/2022\/04\/tekirdag-uni-logo-100x100.png 100w\" sizes=\"auto, (max-width: 285px) 100vw, 285px\">\n                    <\/a>\n                <\/div>\n            <\/div>\n        <\/div>\n        <!-- D\u00f6rd\u00fcnc\u00fc Sat\u0131r - Responsive Grid (TSIV) -->\n        <div class=\"row g-2 g-md-3 mb-3 mb-md-4\">\n            <div class=\"col-6 col-md-4 col-lg-2\">\n                <div class=\"d-flex align-items-center justify-content-center border rounded p-2 p-md-3 h-100\">\n                    <a href=\"https:\/\/tsiv.org.tr\/\" target=\"_blank\" rel=\"noopener noreferrer\">\n                        <img loading=\"lazy\" decoding=\"async\" width=\"300\" height=\"300\" src=\"https:\/\/kizilayakademi.org.tr\/wp-content\/uploads\/2021\/11\/logo-306-1.png\" class=\"img-fluid\" alt=\"TSIV Logo\" srcset=\"https:\/\/kizilayakademi.org.tr\/wp-content\/uploads\/2021\/11\/logo-306-1.png 300w, https:\/\/kizilayakademi.org.tr\/wp-content\/uploads\/2021\/11\/logo-306-1-150x150.png 150w, https:\/\/kizilayakademi.org.tr\/wp-content\/uploads\/2021\/11\/logo-306-1-100x100.png 100w\" sizes=\"auto, (max-width: 300px) 100vw, 300px\">\n                    <\/a>\n                <\/div>\n            <\/div>\n        <\/div>\n    <\/div>\n","protected":false},"excerpt":{"rendered":"","protected":false},"author":1,"featured_media":0,"parent":0,"menu_order":0,"comment_status":"closed","ping_status":"closed","template":"","meta":{"_acf_changed":false,"footnotes":""},"class_list":["post-8647","page","type-page","status-publish","hentry"],"acf":[],"_links":{"self":[{"href":"https:\/\/kizilayakademi.org.tr\/en\/wp-json\/wp\/v2\/pages\/8647","targetHints":{"allow":["GET"]}}],"collection":[{"href":"https:\/\/kizilayakademi.org.tr\/en\/wp-json\/wp\/v2\/pages"}],"about":[{"href":"https:\/\/kizilayakademi.org.tr\/en\/wp-json\/wp\/v2\/types\/page"}],"author":[{"embeddable":true,"href":"https:\/\/kizilayakademi.org.tr\/en\/wp-json\/wp\/v2\/users\/1"}],"replies":[{"embeddable":true,"href":"https:\/\/kizilayakademi.org.tr\/en\/wp-json\/wp\/v2\/comments?post=8647"}],"version-history":[{"count":2,"href":"https:\/\/kizilayakademi.org.tr\/en\/wp-json\/wp\/v2\/pages\/8647\/revisions"}],"predecessor-version":[{"id":29607,"href":"https:\/\/kizilayakademi.org.tr\/en\/wp-json\/wp\/v2\/pages\/8647\/revisions\/29607"}],"wp:attachment":[{"href":"https:\/\/kizilayakademi.org.tr\/en\/wp-json\/wp\/v2\/media?parent=8647"}],"curies":[{"name":"wp","href":"https:\/\/api.w.org\/{rel}","templated":true}]}}